{"id":3150,"date":"2021-11-19T12:30:05","date_gmt":"2021-11-19T12:30:05","guid":{"rendered":"https:\/\/olgamontoliu.com\/contactar\/"},"modified":"2023-10-31T11:28:06","modified_gmt":"2023-10-31T11:28:06","slug":"contactar","status":"publish","type":"page","link":"https:\/\/olgamontoliu.com\/es\/contactar\/","title":{"rendered":"Contactar"},"content":{"rendered":"<p><div class=\"fusion-fullwidth fullwidth-box fusion-builder-row-1 fusion-flex-container has-pattern-background has-mask-background fusion-parallax-none nonhundred-percent-fullwidth non-hundred-percent-height-scrolling lazyload\" style=\"--awb-border-radius-top-left:0px;--awb-border-radius-top-right:0px;--awb-border-radius-bottom-right:0px;--awb-border-radius-bottom-left:0px;--awb-padding-top:80px;--awb-padding-bottom:80px;--awb-margin-bottom:0px;--awb-background-image:linear-gradient(180deg, rgba(0,0,0,0.52) 0%,rgba(0,0,0,0.28) 100%);;--awb-background-size:cover;\" data-bg=\"https:\/\/olgamontoliu.com\/wp-content\/uploads\/2023\/04\/galeria-olga-montoliu-art-15.jpg\" data-bg-gradient=\"linear-gradient(180deg, rgba(0,0,0,0.52) 0%,rgba(0,0,0,0.28) 100%)\" ><div class=\"fusion-builder-row fusion-row fusion-flex-align-items-flex-start\" style=\"max-width:1393.6px;margin-left: calc(-4% \/ 2 );margin-right: calc(-4% \/ 2 );\"><div class=\"fusion-layout-column fusion_builder_column fusion-builder-column-0 fusion_builder_column_1_1 1_1 fusion-flex-column\" style=\"--awb-bg-size:cover;--awb-width-large:100%;--awb-margin-top-large:0px;--awb-spacing-right-large:1.92%;--awb-margin-bottom-large:20px;--awb-spacing-left-large:1.92%;--awb-width-medium:100%;--awb-order-medium:0;--awb-spacing-right-medium:1.92%;--awb-spacing-left-medium:1.92%;--awb-width-small:100%;--awb-order-small:0;--awb-spacing-right-small:1.92%;--awb-spacing-left-small:1.92%;\"><div class=\"fusion-column-wrapper fusion-column-has-shadow fusion-flex-justify-content-flex-start fusion-content-layout-column\"><div class=\"fusion-title title fusion-title-1 fusion-sep-none fusion-title-center fusion-title-text fusion-title-size-two\" style=\"--awb-text-color:#ffffff;--awb-margin-top:0px;\"><h2 class=\"title-heading-center\" style=\"margin:0;text-transform:none;\">Contactar<\/h2><\/div><\/div><\/div><\/div><\/div><div class=\"fusion-fullwidth fullwidth-box fusion-builder-row-2 fusion-flex-container reverse nonhundred-percent-fullwidth non-hundred-percent-height-scrolling\" style=\"--awb-border-radius-top-left:0px;--awb-border-radius-top-right:0px;--awb-border-radius-bottom-right:0px;--awb-border-radius-bottom-left:0px;--awb-padding-right-small:10px;--awb-padding-left-small:10px;--awb-margin-top:100px;--awb-margin-bottom:100px;\" ><div class=\"fusion-builder-row fusion-row fusion-flex-align-items-flex-start\" style=\"max-width:1393.6px;margin-left: calc(-4% \/ 2 );margin-right: calc(-4% \/ 2 );\"><div class=\"fusion-layout-column fusion_builder_column fusion-builder-column-1 fusion_builder_column_1_2 1_2 fusion-flex-column\" style=\"--awb-padding-top:30px;--awb-padding-right:50px;--awb-padding-bottom:8px;--awb-padding-left:50px;--awb-padding-right-small:50px;--awb-padding-left-small:50px;--awb-bg-size:cover;--awb-border-color:#eaeaea;--awb-border-top:1px;--awb-border-right:1px;--awb-border-bottom:1px;--awb-border-left:1px;--awb-border-style:solid;--awb-width-large:50%;--awb-margin-top-large:0px;--awb-spacing-right-large:7.68%;--awb-margin-bottom-large:0px;--awb-spacing-left-large:7.68%;--awb-width-medium:100%;--awb-order-medium:0;--awb-spacing-right-medium:3.84%;--awb-spacing-left-medium:3.84%;--awb-width-small:100%;--awb-order-small:0;--awb-spacing-right-small:1.92%;--awb-spacing-left-small:1.92%;\"><div class=\"fusion-column-wrapper fusion-column-has-shadow fusion-flex-justify-content-flex-start fusion-content-layout-column\"><div class=\"fusion-title title fusion-title-2 fusion-sep-none fusion-title-text fusion-title-size-two\" style=\"--awb-margin-top:0px;--awb-font-size:40px;\"><h2 class=\"title-heading-left\" style=\"margin:0;font-size:1em;text-transform:capitalize;\">Contactar<\/h2><\/div>\n<div class=\"wpcf7 no-js\" id=\"wpcf7-f3393-o1\" lang=\"es-ES\" dir=\"ltr\">\n<div class=\"screen-reader-response\"><p role=\"status\" aria-live=\"polite\" aria-atomic=\"true\"><\/p> <ul><\/ul><\/div>\n<form action=\"\/es\/wp-json\/wp\/v2\/pages\/3150#wpcf7-f3393-o1\" method=\"post\" class=\"wpcf7-form init\" aria-label=\"Formulario de contacto\" novalidate=\"novalidate\" data-status=\"init\">\n<div style=\"display: none;\">\n<input type=\"hidden\" name=\"_wpcf7\" value=\"3393\" \/>\n<input type=\"hidden\" name=\"_wpcf7_version\" value=\"5.7.5.1\" \/>\n<input type=\"hidden\" name=\"_wpcf7_locale\" value=\"es_ES\" \/>\n<input type=\"hidden\" name=\"_wpcf7_unit_tag\" value=\"wpcf7-f3393-o1\" \/>\n<input type=\"hidden\" name=\"_wpcf7_container_post\" value=\"0\" \/>\n<input type=\"hidden\" name=\"_wpcf7_posted_data_hash\" value=\"\" \/>\n<input type=\"hidden\" name=\"_wpcf7_recaptcha_response\" value=\"\" \/>\n<\/div>\n<p><label> Nombre<br \/>\n<span class=\"wpcf7-form-control-wrap\" data-name=\"your-name\"><input size=\"40\" class=\"wpcf7-form-control wpcf7-text wpcf7-validates-as-required\" autocomplete=\"name\" aria-required=\"true\" aria-invalid=\"false\" value=\"\" type=\"text\" name=\"your-name\" \/><\/span> <\/label>\n<\/p>\n<p><label> Email<br \/>\n<span class=\"wpcf7-form-control-wrap\" data-name=\"your-email\"><input size=\"40\" class=\"wpcf7-form-control wpcf7-text wpcf7-email wpcf7-validates-as-required wpcf7-validates-as-email\" autocomplete=\"email\" aria-required=\"true\" aria-invalid=\"false\" value=\"\" type=\"email\" name=\"your-email\" \/><\/span> <\/label>\n<\/p>\n<p><label> Asunto<br \/>\n<span class=\"wpcf7-form-control-wrap\" data-name=\"your-subject\"><input size=\"40\" class=\"wpcf7-form-control wpcf7-text wpcf7-validates-as-required\" aria-required=\"true\" aria-invalid=\"false\" value=\"\" type=\"text\" name=\"your-subject\" \/><\/span> <\/label>\n<\/p>\n<p><label> Mensaje<br \/>\n<span class=\"wpcf7-form-control-wrap\" data-name=\"your-message\"><textarea cols=\"40\" rows=\"10\" class=\"wpcf7-form-control wpcf7-textarea wpcf7-validates-as-required\" aria-required=\"true\" aria-invalid=\"false\" name=\"your-message\"><\/textarea><\/span> <\/label>\n<\/p>\n<p><span class=\"wpcf7-form-control-wrap\" data-name=\"acceptance-499\"><span class=\"wpcf7-form-control wpcf7-acceptance\"><span class=\"wpcf7-list-item\"><label><input type=\"checkbox\" name=\"acceptance-499\" value=\"1\" aria-invalid=\"false\" \/><span class=\"wpcf7-list-item-label\">He le\u00eddo y acepto la <a href=\"https:\/\/olgamontoliu.com\/politica-privacitat\">Pol\u00edtica de Privacidad<\/a><\/span><\/label><\/span><\/span><\/span>\n<\/p>\n<p><input class=\"wpcf7-form-control has-spinner wpcf7-submit\" type=\"submit\" value=\"Enviar\" \/>\n<\/p><div class=\"fusion-alert alert custom alert-custom fusion-alert-center wpcf7-response-output alert-dismissable\" style=\"--awb-border-size:1px;\" role=\"alert\"><div class=\"fusion-alert-content-wrapper\"><span class=\"fusion-alert-content\"><\/span><\/div><button type=\"button\" class=\"close toggle-alert\" data-dismiss=\"alert\" aria-label=\"Close\">&times;<\/button><\/div>\n<\/form>\n<\/div>\n<\/div><\/div><div class=\"fusion-layout-column fusion_builder_column fusion-builder-column-2 fusion_builder_column_1_2 1_2 fusion-flex-column fusion-flex-align-self-stretch\" style=\"--awb-bg-position:center center;--awb-bg-size:cover;--awb-width-large:50%;--awb-margin-top-large:0px;--awb-spacing-right-large:3.84%;--awb-margin-bottom-large:0px;--awb-spacing-left-large:3.84%;--awb-width-medium:100%;--awb-order-medium:0;--awb-margin-top-medium:40px;--awb-spacing-right-medium:1.92%;--awb-spacing-left-medium:1.92%;--awb-width-small:100%;--awb-order-small:0;--awb-spacing-right-small:1.92%;--awb-margin-bottom-small:43px;--awb-spacing-left-small:1.92%;\"><div class=\"fusion-column-wrapper lazyload fusion-column-has-shadow fusion-flex-justify-content-center fusion-content-layout-column\" data-bg-url=\"https:\/\/olgamontoliu.com\/wp-content\/uploads\/2023\/04\/galeria-olga-montoliu-art-59.jpg\" data-bg=\"https:\/\/olgamontoliu.com\/wp-content\/uploads\/2023\/04\/galeria-olga-montoliu-art-59.jpg\"><div class=\"fusion-builder-row fusion-builder-row-inner fusion-row fusion-flex-align-items-flex-start\" style=\"width:104% !important;max-width:104% !important;margin-left: calc(-4% \/ 2 );margin-right: calc(-4% \/ 2 );\"><div class=\"fusion-layout-column fusion_builder_column_inner fusion-builder-nested-column-0 fusion-flex-column\" style=\"--awb-padding-top:41px;--awb-padding-right:14px;--awb-padding-bottom:10px;--awb-padding-left:14px;--awb-bg-color:var(--awb-color1);--awb-bg-size:cover;--awb-box-shadow:0px 5px 25px 0px hsla(var(--awb-color7-h),var(--awb-color7-s),calc( var(--awb-color7-l) - 13% ),calc( var(--awb-color7-a) - 80% ));;--awb-width-large:45%;--awb-margin-top-large:0px;--awb-spacing-right-large:4.2666666666667%;--awb-margin-bottom-large:0px;--awb-spacing-left-large:0px;--awb-width-medium:45%;--awb-order-medium:0;--awb-spacing-right-medium:4.2666666666667%;--awb-spacing-left-medium:0px;--awb-width-small:100%;--awb-order-small:0;--awb-spacing-right-small:1.92%;--awb-spacing-left-small:1.92%;\"><div class=\"fusion-column-wrapper fusion-column-has-shadow fusion-flex-justify-content-flex-start fusion-content-layout-column\"><div class=\"fusion-image-element \" style=\"text-align:center;--awb-margin-top:-100px;--awb-margin-bottom:25px;--awb-max-width:200px;--awb-caption-title-size:var(--h2_typography-font-size);--awb-caption-title-transform:var(--h2_typography-text-transform);--awb-caption-title-line-height:var(--h2_typography-line-height);--awb-caption-title-letter-spacing:var(--h2_typography-letter-spacing);\"><span class=\" fusion-imageframe imageframe-none imageframe-1 hover-type-none\"><img decoding=\"async\" width=\"400\" height=\"598\" title=\"quadre-peixos-retallat\" src=\"https:\/\/olgamontoliu.com\/wp-content\/uploads\/2023\/04\/quadre-peixos-retallat.png\" data-orig-src=\"https:\/\/olgamontoliu.com\/wp-content\/uploads\/2023\/04\/quadre-peixos-retallat.png\" alt class=\"lazyload img-responsive wp-image-3014\" srcset=\"data:image\/svg+xml,%3Csvg%20xmlns%3D%27http%3A%2F%2Fwww.w3.org%2F2000%2Fsvg%27%20width%3D%27400%27%20height%3D%27598%27%20viewBox%3D%270%200%20400%20598%27%3E%3Crect%20width%3D%27400%27%20height%3D%27598%27%20fill-opacity%3D%220%22%2F%3E%3C%2Fsvg%3E\" data-srcset=\"https:\/\/olgamontoliu.com\/wp-content\/uploads\/2023\/04\/quadre-peixos-retallat-200x299.png 200w, https:\/\/olgamontoliu.com\/wp-content\/uploads\/2023\/04\/quadre-peixos-retallat.png 400w\" data-sizes=\"auto\" data-orig-sizes=\"(max-width: 640px) 100vw, 400px\" \/><\/span><\/div><div class=\"fusion-text fusion-text-1\" style=\"--awb-content-alignment:center;--awb-font-size:24px;--awb-line-height:30px;--awb-text-transform:none;\"><p>\u00bfTe ha emocionado alguna obra, quieres saber cu\u00e1ndo es la pr\u00f3xima exposici\u00f3n o simplemente quieres decirme hola?<\/p>\n<p>Cont\u00e1ctame!<\/p>\n<\/div><\/div><\/div><\/div><\/div><\/div><\/div><\/div><\/p>\n","protected":false},"excerpt":{"rendered":"","protected":false},"author":1,"featured_media":0,"parent":0,"menu_order":0,"comment_status":"closed","ping_status":"closed","template":"100-width.php","meta":{"footnotes":""},"_links":{"self":[{"href":"https:\/\/olgamontoliu.com\/es\/wp-json\/wp\/v2\/pages\/3150"}],"collection":[{"href":"https:\/\/olgamontoliu.com\/es\/wp-json\/wp\/v2\/pages"}],"about":[{"href":"https:\/\/olgamontoliu.com\/es\/wp-json\/wp\/v2\/types\/page"}],"author":[{"embeddable":true,"href":"https:\/\/olgamontoliu.com\/es\/wp-json\/wp\/v2\/users\/1"}],"replies":[{"embeddable":true,"href":"https:\/\/olgamontoliu.com\/es\/wp-json\/wp\/v2\/comments?post=3150"}],"version-history":[{"count":9,"href":"https:\/\/olgamontoliu.com\/es\/wp-json\/wp\/v2\/pages\/3150\/revisions"}],"predecessor-version":[{"id":3394,"href":"https:\/\/olgamontoliu.com\/es\/wp-json\/wp\/v2\/pages\/3150\/revisions\/3394"}],"wp:attachment":[{"href":"https:\/\/olgamontoliu.com\/es\/wp-json\/wp\/v2\/media?parent=3150"}],"curies":[{"name":"wp","href":"https:\/\/api.w.org\/{rel}","templated":true}]}}